{"id":156,"date":"2018-11-07T18:59:20","date_gmt":"2018-11-07T18:59:20","guid":{"rendered":"http:\/\/www.tecnologia-ase.com\/es\/?page_id=156"},"modified":"2022-01-31T18:44:38","modified_gmt":"2022-01-31T18:44:38","slug":"inicio","status":"publish","type":"page","link":"http:\/\/www.tecnologia-ase.com\/es\/","title":{"rendered":"Inicio"},"content":{"rendered":"\n\t\t\t\t<a href=\"http:\/\/dstecnologiaase.ddns.net\/\" target=\"_self\" itemprop=\"url\">\n\t\t\t\t<img loading=\"lazy\" decoding=\"async\" src=\"http:\/\/www.tecnologia-ase.com\/es\/wp-content\/uploads\/2018\/11\/img1.jpg\" alt=\"administracion digital\" itemprop=\"image\" height=\"720\" width=\"1280\" title=\"administracion digital\" onerror=\"this.style.display='none'\"  \/>\n\t\t\t\t<\/a>\n<h3><a href=\"http:\/\/dstecnologiaase.ddns.net\/\" target=\"_self\">Publicidad en tu Negocio<\/a><\/h3>\t\t\n\t\t\tTambi\u00e9n conocido como se\u00f1alizaci\u00f3n digital din\u00e1mica o se\u00f1alizaci\u00f3n digital multimedia es un formato publicitario que se basa en la emisi\u00f3n de contenidos digitales a trav\u00e9s de dispositivos como pantallas, proyectores, paneles t\u00e1ctiles o t\u00f3tems. Generalmente, estos dispositivos se ubican en el punto de venta o en lugares p\u00fablicos, y permiten a la empresa crear, gestionar, distribuir y publicar sus propios contenidos, combinando ventajas de la publicidad digital y de la publicidad exterior m\u00e1s convencional.\n<a href=\"http:\/\/dstecnologiaase.ddns.net\/\" target=\"_self\">M\u00e1s informaci\u00f3n<\/a>\t\t\n\t\t\t\t<a href=\"#\" target=\"_self\" itemprop=\"url\">\n\t\t\t\t<img loading=\"lazy\" decoding=\"async\" src=\"http:\/\/www.tecnologia-ase.com\/es\/wp-content\/uploads\/2018\/11\/img2.jpg\" alt=\"venta de pc\u00b4s\" itemprop=\"image\" height=\"720\" width=\"1280\" title=\"venta de pc\u00b4s\" onerror=\"this.style.display='none'\"  \/>\n\t\t\t\t<\/a>\n<h3><a href=\"#\" target=\"_self\">Venta e Instalaci\u00f3n de PC\u00b4s<\/a><\/h3>\t\t\n\t\t\tEquipo de computo de alta demanda, ideal para Dise\u00f1o Gr\u00e1fico, Dibujo de Planos 2D-3D, Edici\u00f3n de audio y V\u00eddeo, Animaci\u00f3n, Programaci\u00f3n, Gamers, Etc&#8230;\n<a href=\"#\" target=\"_self\">M\u00e1s informaci\u00f3n<\/a>\t\t\n\t\t\t\t<a href=\"#\" target=\"_self\" itemprop=\"url\">\n\t\t\t\t<img loading=\"lazy\" decoding=\"async\" src=\"http:\/\/www.tecnologia-ase.com\/es\/wp-content\/uploads\/2018\/11\/img3-e1541618878843.jpg\" alt=\"cableado estructurado\" itemprop=\"image\" height=\"489\" width=\"720\" title=\"img3\" onerror=\"this.style.display='none'\"  \/>\n\t\t\t\t<\/a>\n<h3><a href=\"#\" target=\"_self\">Cableado estructurado<\/a><\/h3>\t\t\n\t\t\tInstalaci\u00f3n y soporte a redes institucionales, cableado estructurado y asesor\u00edas e implementaci\u00f3n de equipos sofisticados que se adaptan a tus necesidades.\n<a href=\"#\" target=\"_self\">M\u00e1s informaci\u00f3n<\/a>\t\t\n\t\t<h3>\u00bfYa cuentas con tu usuario y contrase\u00f1a?<\/h3>\n\t\t<p>Inicia Sesi\u00f3n DS<\/p>\n\t\t\t<a href=\"http:\/\/dstecnologiaase.ddns.net\/login\" target=\"_self\" role=\"button\">\n\t\t\t\t\t\tHaga clic aqu\u00ed\n\t\t\t\t\t<\/a>\n","protected":false},"excerpt":{"rendered":"<p>Publicidad en tu Negocio Tambi\u00e9n conocido como se\u00f1alizaci\u00f3n digital din\u00e1mica o se\u00f1alizaci\u00f3n digital multimedia es un formato publicitario que se&hellip;<\/p>\n<div class='heateor_sss_sharing_container heateor_sss_vertical_sharing heateor_sss_bottom_sharing' style='width:44px;left: -10px;top: 100px;-webkit-box-shadow:none;box-shadow:none;' data-heateor-sss-href='http:\/\/www.tecnologia-ase.com\/es\/wp-json\/wp\/v2\/pages\/156'>\n<div class=\"heateor_sss_sharing_ul\"><a aria-label=\"Facebook\" class=\"heateor_sss_facebook\" href=\"https:\/\/www.facebook.com\/sharer\/sharer.php?u=http%3A%2F%2Fwww.tecnologia-ase.com%2Fes%2F\" title=\"Facebook\" rel=\"nofollow noopener\" target=\"_blank\" style=\"font-size:32px!important;box-shadow:none;display:inline-block;vertical-align:middle\"><span class=\"heateor_sss_svg\" style=\"background-color:#0765FE;width:40px;height:40px;margin:0;display:inline-block;opacity:1;float:left;font-size:32px;box-shadow:none;display:inline-block;font-size:16px;padding:0 4px;vertical-align:middle;background-repeat:repeat;overflow:hidden;padding:0;cursor:pointer;box-sizing:content-box\"><svg style=\"display:block;\" focusable=\"false\" aria-hidden=\"true\" xmlns=\"http:\/\/www.w3.org\/2000\/svg\" width=\"100%\" height=\"100%\" viewBox=\"0 0 32 32\"><path fill=\"#fff\" d=\"M28 16c0-6.627-5.373-12-12-12S4 9.373 4 16c0 5.628 3.875 10.35 9.101 11.647v-7.98h-2.474V16H13.1v-1.58c0-4.085 1.849-5.978 5.859-5.978.76 0 2.072.15 2.608.298v3.325c-.283-.03-.775-.045-1.386-.045-1.967 0-2.728.745-2.728 2.683V16h3.92l-.673 3.667h-3.247v8.245C23.395 27.195 28 22.135 28 16Z\"><\/path><\/svg><\/span><\/a><a aria-label=\"Twitter\" class=\"heateor_sss_button_twitter\" href=\"https:\/\/twitter.com\/intent\/tweet?text=Tecnolog%C3%ADa%20Ase%20-%20Asesores%20en%20Tecnolog%C3%ADa&#038;url=http%3A%2F%2Fwww.tecnologia-ase.com%2Fes%2F\" title=\"Twitter\" rel=\"nofollow noopener\" target=\"_blank\" style=\"font-size:32px!important;box-shadow:none;display:inline-block;vertical-align:middle\"><span class=\"heateor_sss_svg heateor_sss_s__default heateor_sss_s_twitter\" style=\"background-color:#55acee;width:40px;height:40px;margin:0;display:inline-block;opacity:1;float:left;font-size:32px;box-shadow:none;display:inline-block;font-size:16px;padding:0 4px;vertical-align:middle;background-repeat:repeat;overflow:hidden;padding:0;cursor:pointer;box-sizing:content-box\"><svg style=\"display:block;\" focusable=\"false\" aria-hidden=\"true\" xmlns=\"http:\/\/www.w3.org\/2000\/svg\" width=\"100%\" height=\"100%\" viewBox=\"-4 -4 39 39\"><path d=\"M28 8.557a9.913 9.913 0 0 1-2.828.775 4.93 4.93 0 0 0 2.166-2.725 9.738 9.738 0 0 1-3.13 1.194 4.92 4.92 0 0 0-3.593-1.55 4.924 4.924 0 0 0-4.794 6.049c-4.09-.21-7.72-2.17-10.15-5.15a4.942 4.942 0 0 0-.665 2.477c0 1.71.87 3.214 2.19 4.1a4.968 4.968 0 0 1-2.23-.616v.06c0 2.39 1.7 4.38 3.952 4.83-.414.115-.85.174-1.297.174-.318 0-.626-.03-.928-.086a4.935 4.935 0 0 0 4.6 3.42 9.893 9.893 0 0 1-6.114 2.107c-.398 0-.79-.023-1.175-.068a13.953 13.953 0 0 0 7.55 2.213c9.056 0 14.01-7.507 14.01-14.013 0-.213-.005-.426-.015-.637.96-.695 1.795-1.56 2.455-2.55z\" fill=\"#fff\"><\/path><\/svg><\/span><\/a><a aria-label=\"Whatsapp\" class=\"heateor_sss_whatsapp\" href=\"https:\/\/api.whatsapp.com\/send?text=Tecnolog%C3%ADa%20Ase%20-%20Asesores%20en%20Tecnolog%C3%ADa%20http%3A%2F%2Fwww.tecnologia-ase.com%2Fes%2F\" title=\"Whatsapp\" rel=\"nofollow noopener\" target=\"_blank\" style=\"font-size:32px!important;box-shadow:none;display:inline-block;vertical-align:middle\"><span class=\"heateor_sss_svg\" style=\"background-color:#55eb4c;width:40px;height:40px;margin:0;display:inline-block;opacity:1;float:left;font-size:32px;box-shadow:none;display:inline-block;font-size:16px;padding:0 4px;vertical-align:middle;background-repeat:repeat;overflow:hidden;padding:0;cursor:pointer;box-sizing:content-box\"><svg style=\"display:block;\" focusable=\"false\" aria-hidden=\"true\" xmlns=\"http:\/\/www.w3.org\/2000\/svg\" width=\"100%\" height=\"100%\" viewBox=\"-6 -5 40 40\"><path class=\"heateor_sss_svg_stroke heateor_sss_no_fill\" stroke=\"#fff\" stroke-width=\"2\" fill=\"none\" d=\"M 11.579798566743314 24.396926207859085 A 10 10 0 1 0 6.808479557110079 20.73576436351046\"><\/path><path d=\"M 7 19 l -1 6 l 6 -1\" class=\"heateor_sss_no_fill heateor_sss_svg_stroke\" stroke=\"#fff\" stroke-width=\"2\" fill=\"none\"><\/path><path d=\"M 10 10 q -1 8 8 11 c 5 -1 0 -6 -1 -3 q -4 -3 -5 -5 c 4 -2 -1 -5 -1 -4\" fill=\"#fff\"><\/path><\/svg><\/span><\/a><a class=\"heateor_sss_more\" aria-label=\"More\" title=\"More\" rel=\"nofollow noopener\" style=\"font-size: 32px!important;border:0;box-shadow:none;display:inline-block!important;font-size:16px;padding:0 4px;vertical-align: middle;display:inline;\" href=\"http:\/\/www.tecnologia-ase.com\/es\/\" onclick=\"event.preventDefault()\"><span class=\"heateor_sss_svg\" style=\"background-color:#ee8e2d;width:40px;height:40px;margin:0;display:inline-block!important;opacity:1;float:left;font-size:32px!important;box-shadow:none;display:inline-block;font-size:16px;padding:0 4px;vertical-align:middle;display:inline;background-repeat:repeat;overflow:hidden;padding:0;cursor:pointer;box-sizing:content-box;\" onclick=\"heateorSssMoreSharingPopup(this, 'http:\/\/www.tecnologia-ase.com\/es\/', 'Tecnolog%C3%ADa%20Ase%20-%20Asesores%20en%20Tecnolog%C3%ADa', '' )\"><svg xmlns=\"http:\/\/www.w3.org\/2000\/svg\" xmlns:xlink=\"http:\/\/www.w3.org\/1999\/xlink\" viewBox=\"-.3 0 32 32\" version=\"1.1\" width=\"100%\" height=\"100%\" style=\"display:block;\" xml:space=\"preserve\"><g><path fill=\"#fff\" d=\"M18 14V8h-4v6H8v4h6v6h4v-6h6v-4h-6z\" fill-rule=\"evenodd\"><\/path><\/g><\/svg><\/span><\/a><\/div>\n<div class=\"heateorSssClear\"><\/div>\n<\/div>\n<div class='heateor_sss_sharing_container heateor_sss_vertical_sharing heateor_sss_bottom_sharing' style='width:44px;left: -10px;top: 100px;-webkit-box-shadow:none;box-shadow:none;' data-heateor-sss-href='http:\/\/www.tecnologia-ase.com\/es\/wp-json\/wp\/v2\/pages\/156'><div class=\"heateor_sss_sharing_ul\"><a aria-label=\"Facebook\" class=\"heateor_sss_facebook\" href=\"https:\/\/www.facebook.com\/sharer\/sharer.php?u=http%3A%2F%2Fwww.tecnologia-ase.com%2Fes%2F\" title=\"Facebook\" rel=\"nofollow noopener\" target=\"_blank\" style=\"font-size:32px!important;box-shadow:none;display:inline-block;vertical-align:middle\"><span class=\"heateor_sss_svg\" style=\"background-color:#0765FE;width:40px;height:40px;margin:0;display:inline-block;opacity:1;float:left;font-size:32px;box-shadow:none;display:inline-block;font-size:16px;padding:0 4px;vertical-align:middle;background-repeat:repeat;overflow:hidden;padding:0;cursor:pointer;box-sizing:content-box\"><svg style=\"display:block;\" focusable=\"false\" aria-hidden=\"true\" xmlns=\"http:\/\/www.w3.org\/2000\/svg\" width=\"100%\" height=\"100%\" viewBox=\"0 0 32 32\"><path fill=\"#fff\" d=\"M28 16c0-6.627-5.373-12-12-12S4 9.373 4 16c0 5.628 3.875 10.35 9.101 11.647v-7.98h-2.474V16H13.1v-1.58c0-4.085 1.849-5.978 5.859-5.978.76 0 2.072.15 2.608.298v3.325c-.283-.03-.775-.045-1.386-.045-1.967 0-2.728.745-2.728 2.683V16h3.92l-.673 3.667h-3.247v8.245C23.395 27.195 28 22.135 28 16Z\"><\/path><\/svg><\/span><\/a><a aria-label=\"Twitter\" class=\"heateor_sss_button_twitter\" href=\"https:\/\/twitter.com\/intent\/tweet?text=Tecnolog%C3%ADa%20Ase%20-%20Asesores%20en%20Tecnolog%C3%ADa&url=http%3A%2F%2Fwww.tecnologia-ase.com%2Fes%2F\" title=\"Twitter\" rel=\"nofollow noopener\" target=\"_blank\" style=\"font-size:32px!important;box-shadow:none;display:inline-block;vertical-align:middle\"><span class=\"heateor_sss_svg heateor_sss_s__default heateor_sss_s_twitter\" style=\"background-color:#55acee;width:40px;height:40px;margin:0;display:inline-block;opacity:1;float:left;font-size:32px;box-shadow:none;display:inline-block;font-size:16px;padding:0 4px;vertical-align:middle;background-repeat:repeat;overflow:hidden;padding:0;cursor:pointer;box-sizing:content-box\"><svg style=\"display:block;\" focusable=\"false\" aria-hidden=\"true\" xmlns=\"http:\/\/www.w3.org\/2000\/svg\" width=\"100%\" height=\"100%\" viewBox=\"-4 -4 39 39\"><path d=\"M28 8.557a9.913 9.913 0 0 1-2.828.775 4.93 4.93 0 0 0 2.166-2.725 9.738 9.738 0 0 1-3.13 1.194 4.92 4.92 0 0 0-3.593-1.55 4.924 4.924 0 0 0-4.794 6.049c-4.09-.21-7.72-2.17-10.15-5.15a4.942 4.942 0 0 0-.665 2.477c0 1.71.87 3.214 2.19 4.1a4.968 4.968 0 0 1-2.23-.616v.06c0 2.39 1.7 4.38 3.952 4.83-.414.115-.85.174-1.297.174-.318 0-.626-.03-.928-.086a4.935 4.935 0 0 0 4.6 3.42 9.893 9.893 0 0 1-6.114 2.107c-.398 0-.79-.023-1.175-.068a13.953 13.953 0 0 0 7.55 2.213c9.056 0 14.01-7.507 14.01-14.013 0-.213-.005-.426-.015-.637.96-.695 1.795-1.56 2.455-2.55z\" fill=\"#fff\"><\/path><\/svg><\/span><\/a><a aria-label=\"Whatsapp\" class=\"heateor_sss_whatsapp\" href=\"https:\/\/api.whatsapp.com\/send?text=Tecnolog%C3%ADa%20Ase%20-%20Asesores%20en%20Tecnolog%C3%ADa%20http%3A%2F%2Fwww.tecnologia-ase.com%2Fes%2F\" title=\"Whatsapp\" rel=\"nofollow noopener\" target=\"_blank\" style=\"font-size:32px!important;box-shadow:none;display:inline-block;vertical-align:middle\"><span class=\"heateor_sss_svg\" style=\"background-color:#55eb4c;width:40px;height:40px;margin:0;display:inline-block;opacity:1;float:left;font-size:32px;box-shadow:none;display:inline-block;font-size:16px;padding:0 4px;vertical-align:middle;background-repeat:repeat;overflow:hidden;padding:0;cursor:pointer;box-sizing:content-box\"><svg style=\"display:block;\" focusable=\"false\" aria-hidden=\"true\" xmlns=\"http:\/\/www.w3.org\/2000\/svg\" width=\"100%\" height=\"100%\" viewBox=\"-6 -5 40 40\"><path class=\"heateor_sss_svg_stroke heateor_sss_no_fill\" stroke=\"#fff\" stroke-width=\"2\" fill=\"none\" d=\"M 11.579798566743314 24.396926207859085 A 10 10 0 1 0 6.808479557110079 20.73576436351046\"><\/path><path d=\"M 7 19 l -1 6 l 6 -1\" class=\"heateor_sss_no_fill heateor_sss_svg_stroke\" stroke=\"#fff\" stroke-width=\"2\" fill=\"none\"><\/path><path d=\"M 10 10 q -1 8 8 11 c 5 -1 0 -6 -1 -3 q -4 -3 -5 -5 c 4 -2 -1 -5 -1 -4\" fill=\"#fff\"><\/path><\/svg><\/span><\/a><a class=\"heateor_sss_more\" aria-label=\"More\" title=\"More\" rel=\"nofollow noopener\" style=\"font-size: 32px!important;border:0;box-shadow:none;display:inline-block!important;font-size:16px;padding:0 4px;vertical-align: middle;display:inline;\" href=\"http:\/\/www.tecnologia-ase.com\/es\/\" onclick=\"event.preventDefault()\"><span class=\"heateor_sss_svg\" style=\"background-color:#ee8e2d;width:40px;height:40px;margin:0;display:inline-block!important;opacity:1;float:left;font-size:32px!important;box-shadow:none;display:inline-block;font-size:16px;padding:0 4px;vertical-align:middle;display:inline;background-repeat:repeat;overflow:hidden;padding:0;cursor:pointer;box-sizing:content-box;\" onclick=\"heateorSssMoreSharingPopup(this, 'http:\/\/www.tecnologia-ase.com\/es\/', 'Tecnolog%C3%ADa%20Ase%20-%20Asesores%20en%20Tecnolog%C3%ADa', '' )\"><svg xmlns=\"http:\/\/www.w3.org\/2000\/svg\" xmlns:xlink=\"http:\/\/www.w3.org\/1999\/xlink\" viewBox=\"-.3 0 32 32\" version=\"1.1\" width=\"100%\" height=\"100%\" style=\"display:block;\" xml:space=\"preserve\"><g><path fill=\"#fff\" d=\"M18 14V8h-4v6H8v4h6v6h4v-6h6v-4h-6z\" fill-rule=\"evenodd\"><\/path><\/g><\/svg><\/span><\/a><\/div><div class=\"heateorSssClear\"><\/div><\/div>","protected":false},"author":1,"featured_media":0,"parent":0,"menu_order":0,"comment_status":"closed","ping_status":"closed","template":"","meta":{"footnotes":""},"class_list":["post-156","page","type-page","status-publish","hentry"],"_links":{"self":[{"href":"http:\/\/www.tecnologia-ase.com\/es\/wp-json\/wp\/v2\/pages\/156"}],"collection":[{"href":"http:\/\/www.tecnologia-ase.com\/es\/wp-json\/wp\/v2\/pages"}],"about":[{"href":"http:\/\/www.tecnologia-ase.com\/es\/wp-json\/wp\/v2\/types\/page"}],"author":[{"embeddable":true,"href":"http:\/\/www.tecnologia-ase.com\/es\/wp-json\/wp\/v2\/users\/1"}],"replies":[{"embeddable":true,"href":"http:\/\/www.tecnologia-ase.com\/es\/wp-json\/wp\/v2\/comments?post=156"}],"version-history":[{"count":10,"href":"http:\/\/www.tecnologia-ase.com\/es\/wp-json\/wp\/v2\/pages\/156\/revisions"}],"predecessor-version":[{"id":409,"href":"http:\/\/www.tecnologia-ase.com\/es\/wp-json\/wp\/v2\/pages\/156\/revisions\/409"}],"wp:attachment":[{"href":"http:\/\/www.tecnologia-ase.com\/es\/wp-json\/wp\/v2\/media?parent=156"}],"curies":[{"name":"wp","href":"https:\/\/api.w.org\/{rel}","templated":true}]}}